 {"id":536,"date":"2021-11-24T15:23:34","date_gmt":"2021-11-24T15:23:34","guid":{"rendered":"https:\/\/www.acatimber.lv\/?page_id=536"},"modified":"2026-03-16T08:58:04","modified_gmt":"2026-03-16T08:58:04","slug":"about-us","status":"publish","type":"page","link":"https:\/\/www.acatimber.lv\/en\/about-us\/","title":{"rendered":"About us"},"content":{"rendered":"<p>We are one of the leading companies in timber harvesting, roundwood trading, and woodchip trade, operating in Latvia since 1990.<\/p>\n<p>Our core business areas are timber harvesting, soil preparation, wood procurement, and wood trading.<\/p>\n<p>In Latvia, we operate in four regions \u2014 North Kurzeme, South Kurzeme, Zemgale, and Vidzeme \u2014 where we have seven procurement and harvesting units. We also procure timber in five ports: Liep\u0101ja, Ventspils, M\u0113rsrags, Riga, and Skulte.<\/p>\n<p>In addition to our operations in Latvia, the company has extensive experience working in the Baltic and European markets. For more than 20 years, we have worked on projects of various scales, providing precise and highquality logistics services. We ensure accurate material deliveries to our partners and clients. We operate in the following ports: Klaip\u0117da (LT), Roomasaare (EE), Paldiski (EE), P\u00e4rnu (EE), Halden (NOR), Drammen (NOR), Heltermaa (EE), Kunda (EE), Lehtma (EE), Virtsu (EE), Ventspils (LV), Riga (LV), Skulte (LV), Liep\u0101ja (LV), M\u0113rsrags (LV) and Salacgr\u012bva (LV).<\/p>\n<p>We are an independent Latvian company capable of flexibly adapting to customer requirements, offering tailored solutions and optimal cooperation terms.<\/p>\n<p>Our team consists of several experienced specialists who have indepth knowledge of local market conditions, which has enabled us to earn the reputation of a reliable partner.<\/p>\n<p>Throughout our operations, we have built a strong and trustworthy network of partners, including several international companies \u2014 Virke Impex, Claus Rodenberg Waldkontor, Kurekss, Vika Wood, Gaujas Koks, Kronospan Riga, Rettenmeier Baltic Timber, and many others.<\/p>\n","protected":false},"excerpt":{"rendered":"<p>We are one of the leading companies in timber harvesting, roundwood trading, and woodchip trade, operating in Latvia since 1990. Our core business areas are timber harvesting, soil preparation, wood procurement, and wood trading. In Latvia, we operate in four regions \u2014 North Kurzeme, South Kurzeme, Zemgale, and Vidzeme \u2014 where we have seven procurement [&hellip;]<\/p>\n","protected":false},"author":1,"featured_media":272,"parent":0,"menu_order":0,"comment_status":"closed","ping_status":"closed","template":"page-templates\/par-mums.php","meta":{"_acf_changed":false,"inline_featured_image":false,"footnotes":""},"class_list":["post-536","page","type-page","status-publish","has-post-thumbnail","hentry"],"acf":[],"_links":{"self":[{"href":"https:\/\/www.acatimber.lv\/en\/wp-json\/wp\/v2\/pages\/536","targetHints":{"allow":["GET"]}}],"collection":[{"href":"https:\/\/www.acatimber.lv\/en\/wp-json\/wp\/v2\/pages"}],"about":[{"href":"https:\/\/www.acatimber.lv\/en\/wp-json\/wp\/v2\/types\/page"}],"author":[{"embeddable":true,"href":"https:\/\/www.acatimber.lv\/en\/wp-json\/wp\/v2\/users\/1"}],"replies":[{"embeddable":true,"href":"https:\/\/www.acatimber.lv\/en\/wp-json\/wp\/v2\/comments?post=536"}],"version-history":[{"count":27,"href":"https:\/\/www.acatimber.lv\/en\/wp-json\/wp\/v2\/pages\/536\/revisions"}],"predecessor-version":[{"id":2429,"href":"https:\/\/www.acatimber.lv\/en\/wp-json\/wp\/v2\/pages\/536\/revisions\/2429"}],"wp:featuredmedia":[{"embeddable":true,"href":"https:\/\/www.acatimber.lv\/en\/wp-json\/wp\/v2\/media\/272"}],"wp:attachment":[{"href":"https:\/\/www.acatimber.lv\/en\/wp-json\/wp\/v2\/media?parent=536"}],"curies":[{"name":"wp","href":"https:\/\/api.w.org\/{rel}","templated":true}]}}